{"id":130,"date":"2022-12-28T17:10:22","date_gmt":"2022-12-28T17:10:22","guid":{"rendered":"http:\/\/dev.amarmatconsulting.com\/?page_id=130"},"modified":"2023-01-31T09:42:05","modified_gmt":"2023-01-31T09:42:05","slug":"buying-or-selling-a-car-in-spain","status":"publish","type":"page","link":"http:\/\/dev.amarmatconsulting.com\/buying-or-selling-a-car-in-spain\/","title":{"rendered":"CONDUSUL \u0218I V\u00c2NZAREA - CUMP\u0102RARAREA DE AUTOVEHICULE \u00ceN SPANIA"},"content":{"rendered":"<div class=\"color3-background-color color-3-text-contrast bg-background-color tmpl-blog-3 boldgrid-section dynamic-gridblock\">\n<div class=\"container\">\n<div class=\"row\">\n<div class=\"col-md-7 col-sm-7 col-xs-12 col-lg-12\">\n<h2 class=\"color1-color\"><img loading=\"lazy\" decoding=\"async\" class=\"bg-img bg-img-circle alignnone wp-image-97 size-medium\" src=\"http:\/\/dev.amarmatconsulting.com\/wp-content\/uploads\/2022\/12\/95_0_400_400_traffic-g8c35e6da6_640.jpg\" alt=\"\" width=\"400\" height=\"400\" srcset=\"http:\/\/dev.amarmatconsulting.com\/wp-content\/uploads\/2022\/12\/95_0_400_400_traffic-g8c35e6da6_640.jpg 400w, http:\/\/dev.amarmatconsulting.com\/wp-content\/uploads\/2022\/12\/traffic-g8c35e6da6_640-150x150.jpg 150w, http:\/\/dev.amarmatconsulting.com\/wp-content\/uploads\/2022\/12\/traffic-g8c35e6da6_640-48x48.jpg 48w, http:\/\/dev.amarmatconsulting.com\/wp-content\/uploads\/2022\/12\/traffic-g8c35e6da6_640-300x300.jpg 300w, http:\/\/dev.amarmatconsulting.com\/wp-content\/uploads\/2022\/12\/88_0_456_456_traffic-g8c35e6da6_640.jpg 456w\" sizes=\"auto, (max-width: 400px) 100vw, 400px\" \/> &nbsp;<\/h2>\n<div class=\"row bg-editor-hr-wrap\">\n<div class=\"col-lg-12 col-md-12 col-xs-12 col-sm-12\">\n<div>\n<p>&nbsp;<\/p>\n<hr class=\"color1-color bg-hr\" style=\"border: 2px solid; margin-bottom: 25px; margin-left: 0px;\" width=\"25%\" \/>\n<\/div>\n<\/div>\n<\/div>\n<p>Dac\u0103 inten\u021biona\u021bi s\u0103 veni\u021bi cu ma\u0219ina proprie pentru a o conduce \u00een Spania trebuie s\u0103 ave\u021bi la \u00eendem\u00e2n\u0103 pa\u0219aportul, permisul de conducere, asigurarea valabil\u0103 \u0219i documentul de \u00eenmatriculare a autovehicului. V\u00e2rsta minim\u0103 legal\u0103 de condus \u00een Spania este de 18 ani.<\/p>\n<p>Conform legisla\u021biei rutiere, este obligatoriu s\u0103 p\u0103stra\u021bi urm\u0103torul echipament \u00een vehicul, deoarece ve\u021bi putea primi amenzi dac\u0103 nu ave\u021bi unul dintre urm\u0103toarele lucruri:<\/p>\n<ul>\n<li>Un set de becuri \u0219i instrumentele necesare pentru a le \u00eenlocui.<\/li>\n<li>Dou\u0103 triunghiuri ro\u0219ii aprobate oficial de c\u0103tre Ministerul de Interne (Ministerio de Interior).<\/li>\n<li>O roat\u0103 de rezerv\u0103 \u0219i instrumentele necesare pentru a o putea \u00eenlocui.<\/li>\n<\/ul>\n<p>Copiii cu v\u00e2rsta sub 12 ani sunt obliga\u021bi s\u0103 c\u0103l\u0103toreasc\u0103 pe bancheta din spate cu excep\u021bia cazului \u00een care scaunul din fa\u021b\u0103 este echipat cu un scaun pentru copii omologat.<\/p>\n<p>Pute\u021bi s\u0103 veni\u021bi \u00een Spania cu ma\u0219ina proprie \u00eenmatriculat\u0103 \u00een UE f\u0103r\u0103 alte formalit\u0103\u021bi, dar nu o pute\u021bi folosi pe teritoriul spaniol pentru o perioad\u0103 mai lung\u0103 de 6 luni calendaristice. Dac\u0103 petrece\u021bi mai mult de 6 luni pe an \u00een Spania, ve\u021bi fi considerat rezident \u0219i, \u00een consecin\u021b\u0103, va trebui s\u0103 ob\u021bine\u021bi pl\u0103cu\u021be de \u00eenmatriculare na\u021bionale complete \u0219i s\u0103 pl\u0103ti\u021bi impozitul pentru \u00eenmatricularea vehiculului (impuesto municipal sobre circulaci\u00f3n de veh\u00ed&shy;culos).<\/p>\n<p>Pute\u021bi de asemenea s\u0103 v\u0103 \u00eenmatricula\u021bi ma\u0219ina str\u0103in\u0103 cu pl\u0103cu\u021be spaniole, dar trebuie s\u0103 o face\u021bi \u00een maxim 2 luni de la data intr\u0103rii pe teritoriul spaniol.<\/p>\n<p><strong><u>Permise de conducere<\/u><\/strong><\/p>\n<p>Toate permisele de concedere din UE sunt recunoscute \u00een Spania. Dac\u0103 sunte\u021bi un cet\u0103\u021bean al Uniunii Europene, pute\u021bi conduce \u00een Spania p\u00e2n\u0103 la expirarea permisului de conducere, iar apoi trebuie s\u0103 aplica\u021bi pentru un permis de conducere spaniol \u0219i s\u0103 dovedi\u021bi c\u0103 sunte\u021bi rezident \u00een Spania (NIE este dovada suficient\u0103).<\/p>\n<p>Dac\u0103 veni\u021bi din afara UE \u0219i dori\u021bi s\u0103 conduce\u021bi pe teritoriul spaniol pentru perioade \u00eendelungate, atunci permisul de conducere trebuie tradus \u00een spaniol\u0103 de c\u0103tre un traduc\u0103tor autorizat. Puite\u021bi conduce \u0219i cu un permis interna\u021bional. Dup\u0103 1 an, trebuie s\u0103 ob\u021bine\u021bi permisul de conducere spaniol deoarece nu pute\u021bi continua s\u0103 conduce\u021bi cu traducerea autorizat\u0103 a permisului \u0219i nici cu permisul interna\u021bional. A\u0219adar, trebuie s\u0103 aplica\u021bi pentru ob\u021binerea unui permis de conducere spaniol pentru care trebuie s\u0103 prezenta\u021bi dovada reziden\u021bei spaniole.<\/p>\n<p>Odat\u0103 ce a\u021bi ob\u021binut permisul de conducere spaniol, permisul str\u0103in va fi returnat oficiului emi\u021b\u0103tor al \u021b\u0103rii voastre natale. &nbsp;<\/p>\n<p>&nbsp;<\/p>\n<p><strong><u>Importul ma\u0219inii dumneavoastr\u0103<\/u><\/strong><\/p>\n<p>Procedurile care \u021bin de importarea ma\u0219inii proprii \u00een Spania sunt complexe.<\/p>\n<p>Dac\u0103 sunte\u021bi rezident spaniol \u0219i importa\u021bi un vehicul \u00een Spania, trebuie s\u0103 \u021bine\u021bi cont de faptul c\u0103 sunte\u021bi obligat s\u0103 \u00eel \u00eenregistra\u021bi la autorit\u0103\u021bile provinciei spaniole \u00een care sunte\u021bi rezident: la departamentul local de trafic provincial (Jefatura Provincial de Tr\u00e1fico), iar asta v\u0103 va permite s\u0103 v\u0103 conduce\u021bi ma\u0219ina cu pl\u0103cu\u021be str\u0103ine pe teritoriul Spaniei.<\/p>\n<p>Cet\u0103\u021benii UE care se mut\u0103 \u00een Spania pentru a deveni reziden\u021bi \u00ee\u0219i pot aduce ma\u0219ina proprie f\u0103r\u0103 s\u0103 fie supu\u0219i la taxe de import. Dac\u0103 sunte\u021bi din afara Uniunii Europene, pute\u021bi fi scutit de taxele de import Spaniole de 10%, sub urm\u0103toarele condi\u021bii:<\/p>\n<p>Trebuie s\u0103 fi\u021bi proprietarul ma\u0219inii cu cel pu\u021bin 6 luni \u00eenainte de a o importa \u00een Spania.<\/p>\n<p>Trebuie s\u0103 fi achitat TVA-ul \u00een \u021bara de origine, altfel va trebui s\u0103 pl\u0103ti\u021bi aceast\u0103 tax\u0103 \u00een Spania.<\/p>\n<p>Trebuie s\u0103 achita\u021bi \u00een Spania o tax\u0103 special\u0103 de \u00eenmatriculare (impuesto municipal sobre circulaci\u00f3n de veh\u00ed&shy;culos). Aceast\u0103 tax\u0103 se calculeaz\u0103 \u00een func\u021bie de valoarea actual\u0103 a vehiculului (bazat\u0103 pe pre\u021bul pie\u021bei din Spania). Vehiculul de importat pe care cet\u0103\u021benii UE \u00eel de\u021bin de cel pu\u021bin 6 luni \u00een Spania nu este supus acestei taxe.<\/p>\n<p>Trebuie s\u0103 ob\u021bine\u021bi un certificat de nerezident din \u021bara natal\u0103.<\/p>\n<p>Odat\u0103 ce procedura de importare a vehicului s-a \u00eencheiat, vi se vor elibera pl\u0103cu\u021be de \u00eenmatriculare temporare, care v\u0103 permit s\u0103 conduce\u021bi ma\u0219ina importat\u0103 \u00een Spania.<\/p>\n<p>Orice concesie privind importul de ma\u0219ini f\u0103r\u0103 taxe vamale se aplic\u0103 numai persoanelor care au un permis de \u0219edere oficial \u00een Spania.<\/p>\n<p><strong><u>Cump\u0103rarea unei ma\u0219ini \u00een Spania <\/u><\/strong><\/p>\n<p>Str\u0103inii, indiferent c\u0103 apar\u021bin sau nu Uniunii Europene, pot cump\u0103ra o ma\u0219in\u0103 \u00een Spania, fie una la m\u00e2na a doua, fie una nou\u0103, \u0219i se vor putea folosi de ma\u0219in\u0103 timp de 6 luni (nu e necesar s\u0103 fie 6 luni consecutive) \u00een orice an calendaristic.<\/p>\n<p>Ca s\u0103 poat\u0103 achizi\u021biona o ma\u0219in\u0103 \u00eenmatriculat\u0103 \u00een Spania, str\u0103inii trebuie s\u0103 \u00eendeplineasc\u0103 una din urm\u0103toarele condi\u021bii:<\/p>\n<ul>\n<li>S\u0103 de\u021bin\u0103 NIE.<\/li>\n<li>S\u0103 de\u021bin\u0103 un card de reziden\u021b\u0103.<\/li>\n<li>S\u0103 se \u00eenregistreze la prim\u0103rie (acest certificat se nume\u0219te \u201epadr\u00f3n\u201d \u00een Spania).<\/li>\n<\/ul>\n<p>&nbsp;<\/p>\n<p><strong><u>Ma\u0219inile noi<\/u><\/strong><\/p>\n<p>Pre\u021bul pentru acela\u0219i model de ma\u0219in\u0103 poate fi diferit de la o reprezentan\u021b\u0103 la alta. De asemenea, dac\u0103 v\u0103 schimba\u021bi ma\u0219ina veche pe una nou\u0103, pre\u021bul poate fi redus considerabil, \u00een func\u021bie de valoarea ma\u0219inii vechi.<\/p>\n<p>\u00cen eventualitatea \u00een care modelul ales de dumneavoastr\u0103 nu este disponibil la momentul cererii, va trebui s\u0103 face\u021bi o comand\u0103 de achizi\u021bie pentru o ma\u0219in\u0103 nou\u0103. Capcane de evitat:<\/p>\n<p>Asigura\u021bi-v\u0103 c\u0103 pre\u021bul de achizi\u021bie nu variaz\u0103 \u00een timp ce a\u0219tepta\u021bi s\u0103 ajung\u0103 ma\u0219ina nou\u0103 \u0219i c\u0103 suma pe care o ve\u021bi depune reprezint\u0103 suma final\u0103 de achizi\u021bie.<\/p>\n<p>Comanda de achizi\u021bie trebuie s\u0103 con\u021bin\u0103 dot\u0103rile ma\u0219inii alese de dumneavoastr\u0103, c\u00e2t \u0219i data livr\u0103rii.<\/p>\n<p>\u00cen caz c\u0103 ve\u021bi include ma\u0219ina veche ca parte din valoarea de achizi\u021bie a ma\u0219inii noi, va trebui s\u0103 cere\u021bi o copie dup\u0103 contractul de v\u00e2nzare al ma\u0219inii vechi, pentru a informa Autorit\u0103\u021bile Provinciale Rutiere (Jefatura Provincial de Tr\u00e1fico) \u0219i Consiliul Local (Ayuntamiento) cu privire la numele noului proprietar al ma\u0219inii voastre vechi; dac\u0103 nu ve\u021bi face asta, este posibil s\u0103 fi\u021bi supus la plata unor impozite sau amenzi care nu sunt ale dumneavoastr\u0103.<\/p>\n<p><span style=\"text-decoration: underline;\">Odat\u0103 ce primi\u021bi noul vehicul, dealerul trebuie s\u0103 v\u0103 \u00eenm\u00e2neze urm\u0103toarele documente:<\/span><\/p>\n<ul>\n<li>Permisul de circula\u021bie al vehiculului.<\/li>\n<li>Fi\u0219a tehnic\u0103 corespunz\u0103toare noii tale ma\u0219ini.<\/li>\n<li>O garan\u021bie \u00een scris a ma\u0219inii.<\/li>\n<li>Instruc\u021biunile \u0219i manualul de \u00eentre\u021binere.<\/li>\n<li>Factura de v\u00e2nzare-cump\u0103rare a ma\u0219inii.<\/li>\n<li>Trebuie s\u0103 contracta\u021bi asigurarea obligatorie a ma\u0219inii. Persoanele care nu sunt rezidente \u0219i cump\u0103r\u0103 o ma\u0219in\u0103 din Spania vor fi scuti\u021bi de taxa de \u00eenmatriculare special\u0103 (impuesto municipal sobre circulaci\u00f3n de veh\u00ed&shy;culos).<\/li>\n<\/ul>\n<p>Cump\u0103r\u0103torii trebuie s\u0103 pl\u0103teasc\u0103 TVA-ul la o rat\u0103 de 21% \u0219i taxa de \u00eenmatriculare. Str\u0103inii care nu sunt cet\u0103\u021beni UE au posibilitatea s\u0103 achizi\u021bioneze ma\u0219ini noi din Spania \u0219i s\u0103 evite plata TVA-ului \u0219i plata taxei de \u00eenmatriculare a vehiculului.<\/p>\n<p><strong><u>Ma\u0219inile second-hand<\/u><\/strong><\/p>\n<p>La achizi\u021bionarea unei ma\u0219ini la m\u00e2na a doua, indiferent dac\u0103 o cump\u0103ra\u021bi de la un v\u00e2nz\u0103tor privat sau o reprezentan\u021b\u0103, ar trebui s\u0103 vi se \u00eenm\u00e2neze urm\u0103toarele documente:<\/p>\n<ul>\n<li>Permisul de circula\u021bie (permiso de circulaci\u00f3n) semnat corespunz\u0103tor pe versoul documentului, \u00eempreun\u0103 cu fi\u0219a tehnic\u0103 a ma\u0219inii.<\/li>\n<li>Factura taxei municipale pe vehicule (Impuesto Municipal sobre veh\u00ed&shy;culos de tracci\u00f3n mec\u00e1nica). Aceasta e o tax\u0103 municipal\u0103 care variaz\u0103 de la ora\u0219 la ora\u0219 \u0219i care trebuie p\u0103strat\u0103 \u00een ma\u0219in\u0103.<\/li>\n<li>Certificatul ITP (ITV), unde este aplicabil. ITV-ul este inspec\u021bia pentru ma\u0219inile mai vechi de 4 ani, \u00een vederea verific\u0103rii condi\u021biei acestora.<\/li>\n<\/ul>\n<p>Verifica\u021bi istoricul vehiculului \u00eenainte de a-l achizi\u021biona, deoarece acesta poate avea datorii mai vechi iar creditorul are dreptul s\u0103 foloseasc\u0103 ma\u0219ina ca un bun pentru sechestru.&nbsp;<br \/>\nV\u00e2nz\u0103torul sau cump\u0103r\u0103torul, \u00een func\u021bie de cum se pun de acord, trebuie s\u0103 aplice pentru un certificat de \u00eenmatriculare nou, ca s\u0103 poat\u0103 transfera dreptul de proprietate de la v\u00e2nz\u0103tor la cump\u0103r\u0103tor (notificaci\u00f3n de transferencia de veh\u00ed&shy;culos), certificat care se ob\u021bine de la departamentul provincial rutier. Acest document trebuie semnat de ambele p\u0103r\u021bi.<\/p>\n<p>Cump\u0103r\u0103torul trebuie s\u0103 achite:<\/p>\n<ul>\n<li>Taxa de transfer la oficiul fiscal, cu o rat\u0103 de 4 procente din pre\u021bul ma\u0219inii.<\/li>\n<li>Taxele rutiere, atunci c\u00e2nd se aplic\u0103 pentru transferul dreptului de proprietate al vehicului<\/li>\n<\/ul>\n<p><strong><u>Garan\u021bia:<\/u><\/strong><\/p>\n<p>V\u00e2nz\u0103torul este r\u0103spunz\u0103tor pentru imperfec\u021biunile vehiculului ce pot ap\u0103rea pe parcurs \u0219i care nu au putut fi descoperite de un cump\u0103r\u0103tor neexperimentat. Cump\u0103r\u0103torii priva\u021bi pot renun\u021ba la aceast\u0103 garan\u021bie, \u00eens\u0103, dealerii autoriza\u021bi sunt direct responsabili de imperfec\u021biunile ma\u0219inii.<\/p>\n<p><strong><u>Asigurarea ma\u0219inii:<\/u><\/strong><\/p>\n<p>Dac\u0103 achizi\u021biona\u021bi o ma\u0219in\u0103 second-hand pute\u021bi subroga asigurarea v\u00e2nz\u0103torului, iar compania de asigur\u0103ri va fi informat\u0103 despre asta. Asigura\u021bi-v\u0103 c\u0103 v\u00e2nz\u0103torul este la zi cu toate pl\u0103\u021bile periodice, altfel, odat\u0103 ce se finalizeaz\u0103 transferul vehiculului, ve\u021bi fi r\u0103spunz\u0103tor de pl\u0103\u021bile restante.<\/p>\n<p><strong><u>V\u00e2nzarea ma\u0219inii \u00een Spania:<\/u><\/strong><\/p>\n<p>Dac\u0103 dori\u021bi s\u0103 v\u0103 vinde\u021bi ma\u0219ina \u00een Spania, asigura\u021bi-v\u0103 c\u0103 transferul ma\u0219inii pe numele noului proprietar este finalizat, altfel ve\u021bi fi r\u0103spunz\u0103tor de orice plat\u0103 restant\u0103 sau amend\u0103 adresat\u0103 noului proprietar. \u00cen acest caz, pute\u021bi s\u0103 v\u0103 \u00eendrepta\u021bi spre departamentul rutier pentru radierea (baja del veh\u00ed&shy;culo) vehiculului deja v\u00e2ndut pentru a evita consecin\u021be ulterioare.<\/p>\n<p>La v\u00e2nzarea ma\u0219inii vechi, pute\u021bi p\u0103stra vechea poli\u021b\u0103 de asigurare care este aplicabil\u0103 \u00een cazul noii ma\u0219ini achizi\u021bionate. Este necesar s\u0103 informa\u021bi compania de asigur\u0103ri cu privire la v\u00e2nzarea ma\u0219inii vechi, inten\u021bia de a renun\u021ba la garan\u021bia vehiculului v\u00e2ndut, \u0219i aplicarea reducerii corespunz\u0103toare la partea vechii poli\u021be care nu a fost consumat\u0103 \u00een \u00eentregime.<\/p>\n<p><strong><u>Repara\u021bii auto<\/u><\/strong><\/p>\n<p><span style=\"text-decoration: underline;\">Informa\u021bii generale<\/span><\/p>\n<p>Fie c\u0103 locui\u021bi \u00een Spania sau sunte\u021bi doar \u00een trecere, pute\u021bi fi oric\u00e2nd luat prin surprindere de o defec\u021biune a ma\u0219inii, iar atunci e cazul s\u0103 face\u021bi o vizit\u0103 la un atelier auto spaniol.<\/p>\n<p>Atelierul auto este obligat s\u0103 afi\u0219eze pre\u021burile pe care le pretinde pentru manoper\u0103, o scurt\u0103 descriere informativ\u0103 cu privire la drepturile consumatorului \u0219i formulare pentru reclama\u021bii (hojas de reclamaci\u00f3n).<\/p>\n<p>Ave\u021bi dreptul de a cere de la dealerul atelierului auto o estimare \u00een scris a repara\u021biei ma\u0219inii dumneavoastr\u0103. Estimarea trebuie s\u0103 con\u021bin\u0103 urm\u0103toarele:<\/p>\n<ul>\n<li>Detaliile atelierului auto (nume \u0219i num\u0103r de \u00eenregistrare).<\/li>\n<li>Detaliile clientului (nume \u0219i adres\u0103).<\/li>\n<li>Detaliile ma\u0219inii (model, pl\u0103cu\u021be de \u00eenmatriculare \u0219i kilometraj).<\/li>\n<li>Repara\u021biile ce trebuie f\u0103cute \u0219i costurile aferente (TVA inclus), men\u021bion\u00e2nd piesele care trebuie achizi\u021bionate.<\/li>\n<li>Data \u00een care vehiculul a intrat \u00een atelier.<\/li>\n<li>Termenul de validitate al estim\u0103rii.<\/li>\n<li>Data \u0219i semn\u0103tura managerului.<\/li>\n<\/ul>\n<p>\u00cen mod normal, atelierul auto trebuie prima dat\u0103 s\u0103 diagnosticheze problema \u0219i s\u0103 fac\u0103 o estimare de piese \u0219i manoper\u0103, a\u0219a c\u0103 ma\u0219ina dumneavoastr\u0103 ar trebui s\u0103 r\u0103m\u00e2n\u0103 \u00een atelier. Ve\u021bi primi o chitan\u021b\u0103 cu data \u00een care ve\u021bi primi estimarea. Dac\u0103 nu sunte\u021bi de acord cu estimarea, va trebui s\u0103 pl\u0103ti\u021bi revizia vehiculului.<\/p>\n<p>Factura cu repara\u021biile trebuie s\u0103 includ\u0103 pre\u021burile pieselor \u0219i manoperei, \u00een a\u0219a fel \u00eenc\u00e2t, dac\u0103 ulterior apare vreo problem\u0103, s\u0103 ave\u021bi dovada c\u0103 piesa respectv\u0103 este acoperit\u0103 de garan\u021bie.<\/p>\n<p>Toate repara\u021biile sunt acoperite de garan\u021bie timp de 3 luni sau 2000 de kilometri de la data la care a fost preluat vehiculul, \u00een afar\u0103 de situa\u021bia \u00een care a\u021bi f\u0103cut altfel de \u00een\u021belegere. Dac\u0103 \u00eent\u00e2mpina\u021bi orice problem\u0103 cu piesele \u00een tot acest timp, garan\u021bia acoper\u0103 costul pieselor, manoperei \u0219i chiar \u0219i costurile de transportare.<\/p>\n<p><strong><u>Garajele publice \/ parc\u0103rile interioare \u00een Spania <\/u><\/strong><\/p>\n<p>Amenzile pentru \u00eenc\u0103lcarea regulilor de parcare pe strad\u0103 variaz\u0103 \u00een Spania de la ora\u0219 la ora\u0219, \u0219i acestea pot fi destul de mari. Parc\u0103rile interioare\/garajele publice sunt o alternativ\u0103 mai sigur\u0103. Parc\u0103rile interioare publice se g\u0103sesc \u00een majoritatea ora\u0219elor din Spania.<\/p>\n<p>Cu excep\u021bia cazurilor de for\u021b\u0103 major\u0103, ave\u021bi dreptul s\u0103 fi\u021bi desp\u0103gubit dac\u0103 garajele publice nu \u00ee\u0219i \u00eendeplinesc \u00eendatoririle de supraveghere iar vehiculul dumneavoastr\u0103 este avariat \u00een timp ce a fost parcat \u00eentr-un garaj public.<\/p>\n<p>Ce s\u0103 face\u021bi dac\u0103 vehiculul dumneavoastr\u0103 e avariat \u00een timp ce e parcat \u00eentr-un garaj public:<\/p>\n<ul>\n<li>Trebuie s\u0103 anun\u021ba\u021bi poli\u021bia cu privire la aceasta \u0219i s\u0103 depune\u021bi cerere de compensa\u021bie pentru toate avariile. Ar fi bine s\u0103 nu ridica\u021bi vehiculul din parcare p\u00e2n\u0103 ce poli\u021bia nu a verificat condi\u021bia acestuia.<\/li>\n<li>Notifica\u021bi compania de asigurare cu privire la orice avarii suferite.<\/li>\n<li>De asemenea, pute\u021bi s\u0103 depune\u021bi cererea la arbitraj sau \u00een fa\u021ba autorit\u0103\u021bilor spaniole. Ve\u021bi avea nevoie de un consilier juridic calificat pentru oricare din cele dou\u0103 ac\u021biuni.<\/li>\n<\/ul>\n<\/div>\n<\/div>\n<\/div>\n<\/div>\n","protected":false},"excerpt":{"rendered":"<p>&nbsp; &nbsp; Dac\u0103 inten\u021biona\u021bi s\u0103 veni\u021bi cu ma\u0219ina proprie pentru a o conduce \u00een Spania trebuie s\u0103 ave\u021bi la \u00eendem\u00e2n\u0103 pa\u0219aportul, permisul de conducere, asigurarea valabil\u0103 \u0219i documentul de \u00eenmatriculare<\/p>\n<div class=\"read-more\"><a class=\"btn button-secondary\" href=\"http:\/\/dev.amarmatconsulting.com\/buying-or-selling-a-car-in-spain\/\">Read More<\/a><\/div>\n","protected":false},"author":2,"featured_media":0,"parent":0,"menu_order":0,"comment_status":"closed","ping_status":"closed","template":"","meta":{"bgseo_title":"","bgseo_description":"","bgseo_robots_index":"index","bgseo_robots_follow":"follow","crio-premium-page-header-override":null,"crio-premium-page-header-select":"none","crio-premium-page-header-featured-image-background":"","crio-premium-page-header-background":"","footnotes":""},"class_list":["post-130","page","type-page","status-publish"],"aioseo_notices":[],"_links":{"self":[{"href":"http:\/\/dev.amarmatconsulting.com\/wp-json\/wp\/v2\/pages\/130","targetHints":{"allow":["GET"]}}],"collection":[{"href":"http:\/\/dev.amarmatconsulting.com\/wp-json\/wp\/v2\/pages"}],"about":[{"href":"http:\/\/dev.amarmatconsulting.com\/wp-json\/wp\/v2\/types\/page"}],"author":[{"embeddable":true,"href":"http:\/\/dev.amarmatconsulting.com\/wp-json\/wp\/v2\/users\/2"}],"replies":[{"embeddable":true,"href":"http:\/\/dev.amarmatconsulting.com\/wp-json\/wp\/v2\/comments?post=130"}],"version-history":[{"count":4,"href":"http:\/\/dev.amarmatconsulting.com\/wp-json\/wp\/v2\/pages\/130\/revisions"}],"predecessor-version":[{"id":268,"href":"http:\/\/dev.amarmatconsulting.com\/wp-json\/wp\/v2\/pages\/130\/revisions\/268"}],"wp:attachment":[{"href":"http:\/\/dev.amarmatconsulting.com\/wp-json\/wp\/v2\/media?parent=130"}],"curies":[{"name":"wp","href":"https:\/\/api.w.org\/{rel}","templated":true}]}}